{"id":37,"date":"2018-03-20T15:06:00","date_gmt":"2018-03-20T15:06:00","guid":{"rendered":"https:\/\/providencelegalpa.com\/home\/"},"modified":"2024-08-14T20:38:30","modified_gmt":"2024-08-14T20:38:30","slug":"home-page","status":"publish","type":"page","link":"https:\/\/providencelegalpa.com\/es\/","title":{"rendered":"Home page"},"content":{"rendered":"<div class=\"wpb-content-wrapper\"><div data-vc-full-width=\"true\" data-vc-full-width-init=\"false\" class=\"vc_row wpb_row vc_row-fluid hero-row vc_custom_1521662267213 vc_row-has-fill vc_row-o-full-height vc_row-o-columns-middle vc_row-o-content-middle vc_row-flex\"><div class=\"wpb_column vc_column_container vc_col-sm-6\"><div class=\"vc_column-inner\"><div class=\"wpb_wrapper\">\n\t<div class=\"wpb_raw_code wpb_raw_html wpb_content_element hero-title\" >\n\t\t<div class=\"wpb_wrapper\">\n\t\t\t<h1>Planifique. Proteja. Preserve.<\/h1>\n<p>En Providence Legal, P.A., nuestra misi\u00f3n es ayudarle a planificar para el futuro, proteger a sus seres queridos y preservar su legado. Brindamos a nuestros clientes y sus familias tranquilidad para las generaciones venideras.<\/p>\n\t\t<\/div>\n\t<\/div>\n<div class=\"vc_btn3-container vc_btn3-inline vc_do_btn\" ><a class=\"vc_general vc_btn3 vc_btn3-size-lg vc_btn3-shape-square vc_btn3-style-flat vc_btn3-color-warning\" href=\"http:\/\/providencelegalpa.com\/es\/staging\/1068\/services\/\" title=\"\">Ver Nuestros Servicios<\/a><\/div><\/div><\/div><\/div><div class=\"wpb_column vc_column_container vc_col-sm-6\"><div class=\"vc_column-inner\"><div class=\"wpb_wrapper\"><\/div><\/div><\/div><\/div><div class=\"vc_row-full-width vc_clearfix\"><\/div><div data-vc-full-width=\"true\" data-vc-full-width-init=\"false\" class=\"vc_row wpb_row vc_row-fluid info-row cf vc_custom_1521691204486 vc_row-has-fill vc_row-o-content-top vc_row-flex\"><div class=\"cf wpb_column vc_column_container vc_col-sm-12\"><div class=\"vc_column-inner\"><div class=\"wpb_wrapper\">\n\t<div class=\"wpb_raw_code wpb_raw_html wpb_content_element info-wrapper\" >\n\t\t<div class=\"wpb_wrapper\">\n\t\t\t<div class=\"info-box\">\n  <div class=\"info-container\">\n    <div class=\"img-container\">\n      <img data-recalc-dims=\"1\" decoding=\"async\" src=\"https:\/\/i0.wp.com\/providencelegalpa.com\/wp-content\/uploads\/2018\/03\/balance.png?w=1200\" \/>\n    <\/div>\n    <h3>Integridad en el servicio<\/h3>\n    <p>Nuestros clientes pueden esperar reunirse con un asesor legal  de confianza en un entorno profesional amable y acogedor. Para garantizar servicios legales de la m\u00e1s alta calidad, nuestros abogados combinan su conocimiento y experiencia con el apoyo de WealthCounsel y ElderCounsel, los principales consorcios nacionales en planificaci\u00f3n patrimonial y leyes para personas mayores.<\/p>\n  <\/div>\n<a href=\"http:\/\/providencelegalpa.com\/es\/services\/\"><span class=\"solid-button\">Ver Nuestros Servicios<\/span><\/a>\n<\/div>\n\t\t<\/div>\n\t<\/div>\n\n\t<div class=\"wpb_raw_code wpb_raw_html wpb_content_element info-wrapper\" >\n\t\t<div class=\"wpb_wrapper\">\n\t\t\t<div class=\"info-box\">\n  <div class=\"info-container\">\n    <div class=\"img-container\">\n      <img data-recalc-dims=\"1\" decoding=\"async\" src=\"https:\/\/i0.wp.com\/providencelegalpa.com\/wp-content\/uploads\/2018\/03\/checklist.png?w=1200\" \/>\n    <\/div>\n    <h3>Planificaci\u00f3n personalizada<\/h3>\n    <p>Cada cliente es \u00fanico, y creemos que su plan patrimonial debe reflejar eso. Nuestros abogados experimentados se reunir\u00e1n con usted para discutir sus necesidades y deseos en detalle antes de redactar documentos de planificaci\u00f3n patrimonial personalizados que cumplan con sus objetivos espec\u00edficos. <\/p>\n  <\/div>\n<a href=\"http:\/\/providencelegalpa.com\/es\/services\/\"><div class=\"solid-button\">Ver Nuestros Servicios<\/div><\/a>\n<\/div>\n\t\t<\/div>\n\t<\/div>\n\n\t<div class=\"wpb_raw_code wpb_raw_html wpb_content_element info-wrapper\" >\n\t\t<div class=\"wpb_wrapper\">\n\t\t\t<div class=\"info-box\">\n  <div class=\"info-container\">\n    <div class=\"img-container\">\n      <img data-recalc-dims=\"1\" decoding=\"async\" src=\"https:\/\/i0.wp.com\/providencelegalpa.com\/wp-content\/uploads\/2018\/03\/golfcart.png?w=1200\" \/>\n    <\/div>\n    <h3>Servicio A Domicilio<\/h3>\n    <p>Entendemos que, para muchos clientes, visitar nuestra oficina puede ser intimidante. Queremos que se sienta c\u00f3modo. Por ello, ya sea que tenga problemas de movilidad o simplemente no pueda encontrar tiempo en su apretada agenda, estaremos encantados de programar una cita por la tarde o el fin de semana en su hogar, hospital u oficina.<\/p>\n  <\/div>\n<a href=\"http:\/\/providencelegalpa.com\/es\/services\/\"><div class=\"solid-button\">Ver Nuestros Servicios<\/div><\/a>\n<\/div>\n\t\t<\/div>\n\t<\/div>\n\n\t<div class=\"wpb_raw_code wpb_raw_html wpb_content_element info-wrapper\" >\n\t\t<div class=\"wpb_wrapper\">\n\t\t\t<div class=\"info-box\">\n  <div class=\"info-container\">\n    <div class=\"img-container\">\n      <img data-recalc-dims=\"1\" decoding=\"async\" src=\"https:\/\/i0.wp.com\/providencelegalpa.com\/wp-content\/uploads\/2018\/03\/thumbsup.png?w=1200\" \/>\n    <\/div>\n    <h3>Transparencia en las tarifas<\/h3>\n    <p>Todos los honorarios se discutir\u00e1n y acordar\u00e1n en la consulta inicial. Adem\u00e1s, se incluir\u00e1 una copia del acuerdo de honorarios por escrito con la carta de compromiso. Nunca se le cobrar\u00e1 por llamadas telef\u00f3nicas o correos electr\u00f3nicos relacionados con su plan de sucesi\u00f3n. Para los clientes que regresan, tambi\u00e9n ofrecemos una consulta gratuita para revisar su plan de sucesi\u00f3n y asegurarnos de que est\u00e9 actualizado y cumpla con sus necesidades cambiantes.<\/p>\n  <\/div>\n<a href=\"http:\/\/providencelegalpa.com\/es\/services\/\"><div class=\"solid-button\">Ver Nuestros Servicios<\/div><\/a>\n<\/div>\n\t\t<\/div>\n\t<\/div>\n<\/div><\/div><\/div><\/div><div class=\"vc_row-full-width vc_clearfix\"><\/div><div data-vc-full-width=\"true\" data-vc-full-width-init=\"false\" class=\"vc_row wpb_row vc_row-fluid vc_custom_1521677748156 vc_row-has-fill vc_row-o-content-top vc_row-flex\"><div class=\"wpb_column vc_column_container vc_col-sm-12\"><div class=\"vc_column-inner\"><div class=\"wpb_wrapper\">\n\t<div class=\"wpb_raw_code wpb_raw_html wpb_content_element\" >\n\t\t<div class=\"wpb_wrapper\">\n\t\t\t<h1 class=\"translation-block\">Alcance Comunitario<\/h1>\n<div class=\"community-container cf\">\n<div class=\"community-img\">\n<img data-recalc-dims=\"1\" decoding=\"async\" src=\"https:\/\/i0.wp.com\/providencelegalpa.com\/wp-content\/uploads\/2018\/03\/ProvLegal_community2.jpg?w=1200\" \/>\n<\/div>\n<div class=\"community-text\">\n<h4>SEMINARIOS EDUCATIVOS<\/h4>\n<p><span class=\"home-quote\">\u00abDale a un hombre un pez y comer\u00e1 un d\u00eda. Ens\u00e9\u00f1ale a pescar y comer\u00e1 toda la vida\u00bb.<\/span><\/p>\n\n<p>En Providence Legal, P.A., estamos comprometidos a empoderar a las personas: para que se ayuden a s\u00ed mismas, para que ayuden a sus seres queridos, y para que se ayuden  entre s\u00ed. <\/p>\n\n<p>Nuestros abogados colaboran habitualmente con organizaciones comunitarias, empresas, organizaciones sin fines de lucro, escuelas, iglesias, clubes sociales, organizaciones filantr\u00f3picas, residencias de personas mayores, y asilos de ancianos en todo el sur de Florida para ofrecer seminarios y talleres educativos dise\u00f1ados para ense\u00f1ar a personas de todas las edades, tanto a personas sin experiencia como profesionales, sobre temas relacionados con la planificaci\u00f3n patrimonial, sucesiones, protecci\u00f3n de activos y el derecho de las personas de tercera edad. <\/p>\n\n<p>Los seminarios y talleres se pueden personalizar seg\u00fan los intereses o preocupaciones espec\u00edficos de su grupo. Si est\u00e1 interesado en programar un seminario o taller, o desea recibir informaci\u00f3n sobre nuestras pr\u00f3ximas presentaciones, env\u00ede un correo electr\u00f3nico a info@providencelegalpa.com o ll\u00e1menos al (786) 863-2766. <a href=\"mailto:info@providencelegalpa.com\"><strong>info@providencelegalpa.com<\/strong><\/a> or call us at <a href=\"tel:7868632766\"><strong>(786) 863-2766<\/strong>.<\/a> <\/p>\n<\/div>\n<\/div>\n\t\t<\/div>\n\t<\/div>\n<\/div><\/div><\/div><\/div><div class=\"vc_row-full-width vc_clearfix\"><\/div><div data-vc-full-width=\"true\" data-vc-full-width-init=\"false\" class=\"vc_row wpb_row vc_row-fluid testi-row vc_custom_1521691866871 vc_row-has-fill\"><div class=\"wpb_column vc_column_container vc_col-sm-12\"><div class=\"vc_column-inner\"><div class=\"wpb_wrapper\"><div class=\"testimonials_slider  hide-photos\"><ul class=\"testimonials_slider_ul\"><li><div class=\"single-photo-img\"><img data-recalc-dims=\"1\" decoding=\"async\" class=\"scale-with-grid\" src=\"https:\/\/i0.wp.com\/providencelegalpa.com\/wp-content\/themes\/betheme\/images\/testimonials-placeholder.png?w=1200&#038;ssl=1\" alt=\"Ryan Smith\" \/><\/div><div class=\"bq_wrapper\"><blockquote><p>Es un placer trabajar con Clara. Es profesional, puntual, va al grano y, lo mejor de todo, es s\u00faper amable. Me ayud\u00f3 con mi testamento. No podr\u00eda haber pedido una mejor experiencia.<\/p><\/blockquote><\/div><div class=\"hr_dots\"><span><\/span><span><\/span><span><\/span><\/div><div class=\"author\"><h5>Ryan Smith<\/h5><span class=\"company\"><\/span><\/div><\/li><\/ul><\/div>\n<\/div><\/div><\/div><\/div><div class=\"vc_row-full-width vc_clearfix\"><\/div>\n<\/div>","protected":false},"excerpt":{"rendered":"Clara is such a pleasure to work with. She's professional, punctual, right to the point, and best of all, super friendly. I had her help me<span class=\"excerpt-hellip\"> [\u2026]<\/span>","protected":false},"author":1,"featured_media":0,"parent":0,"menu_order":0,"comment_status":"closed","ping_status":"closed","template":"","meta":{"nf_dc_page":"","om_disable_all_campaigns":false,"footnotes":""},"class_list":["post-37","page","type-page","status-publish","hentry"],"yoast_head":"<!-- This site is optimized with the Yoast SEO plugin v27.4 - https:\/\/yoast.com\/product\/yoast-seo-wordpress\/ -->\n<title>Home page - Providence Legal PA<\/title>\n<meta name=\"description\" content=\"Providence Legal is Florida&#039;s most trusted law firm for Estate Planning, Asset Protection, and Elderly Law. Let us help you plan for the future, protect your loved ones, and preserve your legacy today. Sign up for a FREE 30 minute consultation with a compassionate and trusted legal advisor.\" \/>\n<meta name=\"robots\" content=\"index, follow, max-snippet:-1, max-image-preview:large, max-video-preview:-1\" \/>\n<link rel=\"canonical\" href=\"https:\/\/providencelegalpa.com\/es\/\" \/>\n<meta property=\"og:locale\" content=\"es_ES\" \/>\n<meta property=\"og:type\" content=\"article\" \/>\n<meta property=\"og:title\" content=\"Home page - Providence Legal PA\" \/>\n<meta property=\"og:description\" content=\"Providence Legal is Florida&#039;s most trusted law firm for Estate Planning, Asset Protection, and Elderly Law. Let us help you plan for the future, protect your loved ones, and preserve your legacy today. Sign up for a FREE 30 minute consultation with a compassionate and trusted legal advisor.\" \/>\n<meta property=\"og:url\" content=\"https:\/\/providencelegalpa.com\/es\/\" \/>\n<meta property=\"og:site_name\" content=\"Providence Legal PA\" \/>\n<meta property=\"article:modified_time\" content=\"2024-08-14T20:38:30+00:00\" \/>\n<meta name=\"twitter:card\" content=\"summary_large_image\" \/>\n<meta name=\"twitter:label1\" content=\"Tiempo de lectura\" \/>\n\t<meta name=\"twitter:data1\" content=\"4 minutos\" \/>\n<script type=\"application\/ld+json\" class=\"yoast-schema-graph\">{\"@context\":\"https:\\\/\\\/schema.org\",\"@graph\":[{\"@type\":\"WebPage\",\"@id\":\"https:\\\/\\\/providencelegalpa.com\\\/\",\"url\":\"https:\\\/\\\/providencelegalpa.com\\\/\",\"name\":\"Home page - Providence Legal PA\",\"isPartOf\":{\"@id\":\"https:\\\/\\\/providencelegalpa.com\\\/#website\"},\"datePublished\":\"2018-03-20T15:06:00+00:00\",\"dateModified\":\"2024-08-14T20:38:30+00:00\",\"description\":\"Providence Legal is Florida's most trusted law firm for Estate Planning, Asset Protection, and Elderly Law. Let us help you plan for the future, protect your loved ones, and preserve your legacy today. Sign up for a FREE 30 minute consultation with a compassionate and trusted legal advisor.\",\"breadcrumb\":{\"@id\":\"https:\\\/\\\/providencelegalpa.com\\\/#breadcrumb\"},\"inLanguage\":\"es\",\"potentialAction\":[{\"@type\":\"ReadAction\",\"target\":[\"https:\\\/\\\/providencelegalpa.com\\\/\"]}]},{\"@type\":\"BreadcrumbList\",\"@id\":\"https:\\\/\\\/providencelegalpa.com\\\/#breadcrumb\",\"itemListElement\":[{\"@type\":\"ListItem\",\"position\":1,\"name\":\"Home\",\"item\":\"https:\\\/\\\/providencelegalpa.com\\\/\"},{\"@type\":\"ListItem\",\"position\":2,\"name\":\"Home page\"}]},{\"@type\":\"WebSite\",\"@id\":\"https:\\\/\\\/providencelegalpa.com\\\/#website\",\"url\":\"https:\\\/\\\/providencelegalpa.com\\\/\",\"name\":\"Providence Legal PA\",\"description\":\"Estate Planning and Elderly Law\",\"publisher\":{\"@id\":\"https:\\\/\\\/providencelegalpa.com\\\/#organization\"},\"potentialAction\":[{\"@type\":\"SearchAction\",\"target\":{\"@type\":\"EntryPoint\",\"urlTemplate\":\"https:\\\/\\\/providencelegalpa.com\\\/?s={search_term_string}\"},\"query-input\":{\"@type\":\"PropertyValueSpecification\",\"valueRequired\":true,\"valueName\":\"search_term_string\"}}],\"inLanguage\":\"es\"},{\"@type\":\"Organization\",\"@id\":\"https:\\\/\\\/providencelegalpa.com\\\/#organization\",\"name\":\"Providence Legal PA\",\"url\":\"https:\\\/\\\/providencelegalpa.com\\\/\",\"logo\":{\"@type\":\"ImageObject\",\"inLanguage\":\"es\",\"@id\":\"https:\\\/\\\/providencelegalpa.com\\\/#\\\/schema\\\/logo\\\/image\\\/\",\"url\":\"https:\\\/\\\/providencelegalpa.com\\\/wp-content\\\/uploads\\\/2018\\\/03\\\/logo-retina.png\",\"contentUrl\":\"https:\\\/\\\/providencelegalpa.com\\\/wp-content\\\/uploads\\\/2018\\\/03\\\/logo-retina.png\",\"width\":600,\"height\":172,\"caption\":\"Providence Legal PA\"},\"image\":{\"@id\":\"https:\\\/\\\/providencelegalpa.com\\\/#\\\/schema\\\/logo\\\/image\\\/\"}}]}<\/script>\n<!-- \/ Yoast SEO plugin. -->","yoast_head_json":{"title":"Home page - Providence Legal PA","description":"Providence Legal is Florida's most trusted law firm for Estate Planning, Asset Protection, and Elderly Law. Let us help you plan for the future, protect your loved ones, and preserve your legacy today. Sign up for a FREE 30 minute consultation with a compassionate and trusted legal advisor.","robots":{"index":"index","follow":"follow","max-snippet":"max-snippet:-1","max-image-preview":"max-image-preview:large","max-video-preview":"max-video-preview:-1"},"canonical":"https:\/\/providencelegalpa.com\/es\/","og_locale":"es_ES","og_type":"article","og_title":"Home page - Providence Legal PA","og_description":"Providence Legal is Florida's most trusted law firm for Estate Planning, Asset Protection, and Elderly Law. Let us help you plan for the future, protect your loved ones, and preserve your legacy today. Sign up for a FREE 30 minute consultation with a compassionate and trusted legal advisor.","og_url":"https:\/\/providencelegalpa.com\/es\/","og_site_name":"Providence Legal PA","article_modified_time":"2024-08-14T20:38:30+00:00","twitter_card":"summary_large_image","twitter_misc":{"Tiempo de lectura":"4 minutos"},"schema":{"@context":"https:\/\/schema.org","@graph":[{"@type":"WebPage","@id":"https:\/\/providencelegalpa.com\/","url":"https:\/\/providencelegalpa.com\/","name":"Home page - Providence Legal PA","isPartOf":{"@id":"https:\/\/providencelegalpa.com\/#website"},"datePublished":"2018-03-20T15:06:00+00:00","dateModified":"2024-08-14T20:38:30+00:00","description":"Providence Legal is Florida's most trusted law firm for Estate Planning, Asset Protection, and Elderly Law. Let us help you plan for the future, protect your loved ones, and preserve your legacy today. Sign up for a FREE 30 minute consultation with a compassionate and trusted legal advisor.","breadcrumb":{"@id":"https:\/\/providencelegalpa.com\/#breadcrumb"},"inLanguage":"es","potentialAction":[{"@type":"ReadAction","target":["https:\/\/providencelegalpa.com\/"]}]},{"@type":"BreadcrumbList","@id":"https:\/\/providencelegalpa.com\/#breadcrumb","itemListElement":[{"@type":"ListItem","position":1,"name":"Home","item":"https:\/\/providencelegalpa.com\/"},{"@type":"ListItem","position":2,"name":"Home page"}]},{"@type":"WebSite","@id":"https:\/\/providencelegalpa.com\/#website","url":"https:\/\/providencelegalpa.com\/","name":"Providence Legal PA","description":"Estate Planning and Elderly Law","publisher":{"@id":"https:\/\/providencelegalpa.com\/#organization"},"potentialAction":[{"@type":"SearchAction","target":{"@type":"EntryPoint","urlTemplate":"https:\/\/providencelegalpa.com\/?s={search_term_string}"},"query-input":{"@type":"PropertyValueSpecification","valueRequired":true,"valueName":"search_term_string"}}],"inLanguage":"es"},{"@type":"Organization","@id":"https:\/\/providencelegalpa.com\/#organization","name":"Providence Legal PA","url":"https:\/\/providencelegalpa.com\/","logo":{"@type":"ImageObject","inLanguage":"es","@id":"https:\/\/providencelegalpa.com\/#\/schema\/logo\/image\/","url":"https:\/\/providencelegalpa.com\/wp-content\/uploads\/2018\/03\/logo-retina.png","contentUrl":"https:\/\/providencelegalpa.com\/wp-content\/uploads\/2018\/03\/logo-retina.png","width":600,"height":172,"caption":"Providence Legal PA"},"image":{"@id":"https:\/\/providencelegalpa.com\/#\/schema\/logo\/image\/"}}]}},"jetpack_sharing_enabled":true,"_links":{"self":[{"href":"https:\/\/providencelegalpa.com\/es\/wp-json\/wp\/v2\/pages\/37","targetHints":{"allow":["GET"]}}],"collection":[{"href":"https:\/\/providencelegalpa.com\/es\/wp-json\/wp\/v2\/pages"}],"about":[{"href":"https:\/\/providencelegalpa.com\/es\/wp-json\/wp\/v2\/types\/page"}],"author":[{"embeddable":true,"href":"https:\/\/providencelegalpa.com\/es\/wp-json\/wp\/v2\/users\/1"}],"replies":[{"embeddable":true,"href":"https:\/\/providencelegalpa.com\/es\/wp-json\/wp\/v2\/comments?post=37"}],"version-history":[{"count":5,"href":"https:\/\/providencelegalpa.com\/es\/wp-json\/wp\/v2\/pages\/37\/revisions"}],"predecessor-version":[{"id":151,"href":"https:\/\/providencelegalpa.com\/es\/wp-json\/wp\/v2\/pages\/37\/revisions\/151"}],"wp:attachment":[{"href":"https:\/\/providencelegalpa.com\/es\/wp-json\/wp\/v2\/media?parent=37"}],"curies":[{"name":"wp","href":"https:\/\/api.w.org\/{rel}","templated":true}]}}